{"id":4603,"date":"2022-02-14T14:55:04","date_gmt":"2022-02-14T13:55:04","guid":{"rendered":"https:\/\/www.dsi.cz\/?page_id=4603"},"modified":"2026-02-17T13:58:36","modified_gmt":"2026-02-17T12:58:36","slug":"history","status":"publish","type":"page","link":"https:\/\/www.dsi.cz\/en\/history\/","title":{"rendered":"History"},"content":{"rendered":"<div data-elementor-type=\"wp-page\" data-elementor-id=\"4603\" class=\"elementor elementor-4603\">\n\t\t\t\t\t\t<section class=\"elementor-section elementor-top-section elementor-element elementor-element-648ffbe8 elementor-section-height-min-height elementor-section-stretched elementor-section-boxed elementor-section-height-default elementor-section-items-middle\" data-id=\"648ffbe8\" data-element_type=\"section\" data-settings=\"{&quot;background_background&quot;:&quot;classic&quot;,&quot;stretch_section&quot;:&quot;section-stretched&quot;}\">\n\t\t\t\t\t\t\t<div class=\"elementor-background-overlay\"><\/div>\n\t\t\t\t\t\t\t<div class=\"elementor-container elementor-column-gap-wider\">\n\t\t\t\t\t<div class=\"elementor-column elementor-col-50 elementor-top-column elementor-element elementor-element-3c5ce5fd elementor-invisible\" data-id=\"3c5ce5fd\" data-element_type=\"column\" data-settings=\"{&quot;animation&quot;:&quot;fadeInLeft&quot;}\">\n\t\t\t<div class=\"elementor-widget-wrap elementor-element-populated\">\n\t\t\t\t\t\t<div class=\"elementor-element elementor-element-b606934 elementor-widget elementor-widget-heading\" data-id=\"b606934\" data-element_type=\"widget\" data-widget_type=\"heading.default\">\n\t\t\t\t<div class=\"elementor-widget-container\">\n\t\t\t\t\t<h2 class=\"elementor-heading-title elementor-size-large\">IN THE BEGINNING<\/h2>\t\t\t\t<\/div>\n\t\t\t\t<\/div>\n\t\t\t\t<div class=\"elementor-element elementor-element-7e43b36 elementor-widget elementor-widget-heading\" data-id=\"7e43b36\" data-element_type=\"widget\" data-widget_type=\"heading.default\">\n\t\t\t\t<div class=\"elementor-widget-container\">\n\t\t\t\t\t<h2 class=\"elementor-heading-title elementor-size-large\">WAS THE VISION...<\/h2>\t\t\t\t<\/div>\n\t\t\t\t<\/div>\n\t\t\t\t<div class=\"elementor-element elementor-element-c92efe3 elementor-widget elementor-widget-text-editor\" data-id=\"c92efe3\" data-element_type=\"widget\" data-widget_type=\"text-editor.default\">\n\t\t\t\t<div class=\"elementor-widget-container\">\n\t\t\t\t\t\t\t\t\t<p><span style=\"color: #ffffff;\">Our company is only three months younger than the Slovak Republic. Many of us have been working in it has been founded.<\/span><\/p><p><span style=\"color: #ffffff;\">DSI Slovakia s.r.o. was founded in 1993 under the name Datart Slovakia s.r.o. After splitting the company into a retail and wholesale company in 2000, DSI Slovakia managed to create a distribution model with one logistics centre and two sales teams.<\/span><\/p><p><span style=\"color: #ffffff;\">DSI Slovakia, with headquarter in Ko\u0161ice and a central warehouse in Senec, town near to Bratislava, is ranked among the TOP3 healthiest companies in the Ko\u0161ice region by Hospod\u00e1rske noviny and Deloitte.<\/span><\/p>\t\t\t\t\t\t\t\t<\/div>\n\t\t\t\t<\/div>\n\t\t\t\t\t<\/div>\n\t\t<\/div>\n\t\t\t\t<div class=\"elementor-column elementor-col-50 elementor-top-column elementor-element elementor-element-603280ba\" data-id=\"603280ba\" data-element_type=\"column\">\n\t\t\t<div class=\"elementor-widget-wrap elementor-element-populated\">\n\t\t\t\t\t\t<div class=\"elementor-element elementor-element-cf0b983 elementor-widget elementor-widget-counter\" data-id=\"cf0b983\" data-element_type=\"widget\" data-widget_type=\"counter.default\">\n\t\t\t\t<div class=\"elementor-widget-container\">\n\t\t\t\t\t\t\t<div class=\"elementor-counter\">\n\t\t\t<div class=\"elementor-counter-title\">years on the market<\/div>\t\t\t<div class=\"elementor-counter-number-wrapper\">\n\t\t\t\t<span class=\"elementor-counter-number-prefix\"><\/span>\n\t\t\t\t<span class=\"elementor-counter-number\" data-duration=\"2000\" data-to-value=\"32\" data-from-value=\"0\" data-delimiter=\",\">0<\/span>\n\t\t\t\t<span class=\"elementor-counter-number-suffix\"><\/span>\n\t\t\t<\/div>\n\t\t<\/div>\n\t\t\t\t\t\t<\/div>\n\t\t\t\t<\/div>\n\t\t\t\t\t<\/div>\n\t\t<\/div>\n\t\t\t\t\t<\/div>\n\t\t<\/section>\n\t\t\t\t<section class=\"elementor-section elementor-top-section elementor-element elementor-element-09cec7b elementor-section-stretched elementor-section-boxed elementor-section-height-default elementor-section-height-default\" data-id=\"09cec7b\" data-element_type=\"section\" data-settings=\"{&quot;stretch_section&quot;:&quot;section-stretched&quot;}\">\n\t\t\t\t\t\t<div class=\"elementor-container elementor-column-gap-default\">\n\t\t\t\t\t<div class=\"elementor-column elementor-col-100 elementor-top-column elementor-element elementor-element-5110a1a\" data-id=\"5110a1a\" data-element_type=\"column\">\n\t\t\t<div class=\"elementor-widget-wrap elementor-element-populated\">\n\t\t\t\t\t\t<div class=\"elementor-element elementor-element-293e821 elementor-widget elementor-widget-be-timeline\" data-id=\"293e821\" data-element_type=\"widget\" data-widget_type=\"be-timeline.default\">\n\t\t\t\t<div class=\"elementor-widget-container\">\n\t\t\t\t\t<ul class=\"be-pack timeline\"><li class=\"timeline-inverted\"> \n\t\t\t<div class=\"tl-circ\"><\/div>\n\t\t <div class=\"timeline-panel\">\n\t\t   <div class=\"tl-heading\">\n\t\t\t <div class=\"tl-content\">\n\n\t\t\t    \n\t\t\t\t\t\t\n\t\t\t\t\t\t<div class=\"be-desc\">\n\t\t\t\t\t\t\t<h2 class=\"be-title\">1993<\/h2>\t\t\t\t\t\t\t<div class=\"be-content\"><div><h3 style=\"color: #233b88\">Establishment of DSI<\/h3><\/div><div>DSI Slovakia s.r.o. was founded in 1993 as a wholesale distributor of consumer.<\/div><\/div>\t\t\t\t\t\t<\/div>\n\n\t\t\t\t\t\n\t\t\t\t<\/div>\n\n\t\t\t<\/div>\n\t\t<\/div>\n\t\t\t<\/li>\n\t\t\t<li class=\"timeline-right\"> \n\t\t\t<div class=\"tl-circ\"><\/div>\n\t\t <div class=\"timeline-panel\">\n\t\t   <div class=\"tl-heading\">\n\t\t\t <div class=\"tl-content\">\n\n\t\t\t    \n\t\t\t\t\t\t\n\t\t\t\t\t\t<div class=\"be-desc\">\n\t\t\t\t\t\t\t<h2 class=\"be-title\">1996<\/h2>\t\t\t\t\t\t\t<div class=\"be-content\"><h3 style=\"color: #233b88\">TOP 50<\/h3><div>After only three years of existence, DSI was ranked in the TOP50 of the largest trading companies with non-food goods in Slovakia.<\/div><\/div>\t\t\t\t\t\t<\/div>\n\n\t\t\t\t\t\n\t\t\t\t<\/div>\n\n\t\t\t<\/div>\n\t\t<\/div>\n\t\t\t<\/li>\n\t\t\t<li class=\"timeline-inverted\"> \n\t\t\t<div class=\"tl-circ\"><\/div>\n\t\t <div class=\"timeline-panel\">\n\t\t   <div class=\"tl-heading\">\n\t\t\t <div class=\"tl-content\">\n\n\t\t\t    \n\t\t\t\t\t\t\n\t\t\t\t\t\t<div class=\"be-desc\">\n\t\t\t\t\t\t\t<h2 class=\"be-title\">1996 - 2006<\/h2>\t\t\t\t\t\t\t<div class=\"be-content\"><h3 style=\"color: #233b88\">Growth<\/h3><div><p>We have helped to thousands of entrepreneurs start their own businesses. Our customers have gradually become the most important retail companies, from Slovak ones, like NAY for example, to foreign retail chains such as Datart, K-Mart, Tesco, Metro, Carrefour, Kaufland, Billa.<\/p><p>With the unique specialisation we have learned to look for business solutions for specific customers. This is how some European car companies such as \u0160koda, FIAT, Peugeot, Renault have gradually become our customers.<\/p><\/div><\/div>\t\t\t\t\t\t<\/div>\n\n\t\t\t\t\t\n\t\t\t\t<\/div>\n\n\t\t\t<\/div>\n\t\t<\/div>\n\t\t\t<\/li>\n\t\t\t<li class=\"timeline-right\"> \n\t\t\t<div class=\"tl-circ\"><\/div>\n\t\t <div class=\"timeline-panel\">\n\t\t   <div class=\"tl-heading\">\n\t\t\t <div class=\"tl-content\">\n\n\t\t\t    \n\t\t\t\t\t\t\n\t\t\t\t\t\t<div class=\"be-desc\">\n\t\t\t\t\t\t\t<h2 class=\"be-title\">2006<\/h2>\t\t\t\t\t\t\t<div class=\"be-content\"><h3 style=\"color: #233b88\">Expansion<\/h3><div>In 2006, we established a 100% subsidiary in the Czech Republic, DSI Czech s.r.o., into which we invested our know-how and brand representations that we have acquired for both the Czech and Slovak Republics.<\/div><\/div>\t\t\t\t\t\t<\/div>\n\n\t\t\t\t\t\n\t\t\t\t<\/div>\n\n\t\t\t<\/div>\n\t\t<\/div>\n\t\t\t<\/li>\n\t\t\t<li class=\"timeline-inverted\"> \n\t\t\t<div class=\"tl-circ\"><\/div>\n\t\t <div class=\"timeline-panel\">\n\t\t   <div class=\"tl-heading\">\n\t\t\t <div class=\"tl-content\">\n\n\t\t\t    \n\t\t\t\t\t\t\n\t\t\t\t\t\t<div class=\"be-desc\">\n\t\t\t\t\t\t\t<h2 class=\"be-title\">2008 - 2009<\/h2>\t\t\t\t\t\t\t<div class=\"be-content\"><h3 style=\"color: #233b88\">Expansion of the product portfolio<\/h3><div>With the change of the market in the crisis years 2008-2009, we expanded our product range to include home appliances, health and sports products and new technologies. The most important companies in the online business in our region became our business partners: Alza, Czc.cz, Mall, Kasa.cz, Hej.sk, TS-Bohemia.<\/div><\/div>\t\t\t\t\t\t<\/div>\n\n\t\t\t\t\t\n\t\t\t\t<\/div>\n\n\t\t\t<\/div>\n\t\t<\/div>\n\t\t\t<\/li>\n\t\t\t<li class=\"timeline-right\"> \n\t\t\t<div class=\"tl-circ\"><\/div>\n\t\t <div class=\"timeline-panel\">\n\t\t   <div class=\"tl-heading\">\n\t\t\t <div class=\"tl-content\">\n\n\t\t\t    \n\t\t\t\t\t\t\n\t\t\t\t\t\t<div class=\"be-desc\">\n\t\t\t\t\t\t\t<h2 class=\"be-title\">2012<\/h2>\t\t\t\t\t\t\t<div class=\"be-content\"><h3 style=\"color: #233b88\">Excellent rating<\/h3><div>Dun &amp; Bradstreet, a company providing economic information for 160 years for risk management in the trade, financial and insurance sectors, listed on the New York Stock Exchange (NYSE) under DNB, in October 2012 confirmed DSI Slovakia's rating at A1, with the borrowed right to use this mark, confirming its position in the market and describing the company's \"situation as excellent\". Our company continues to confirm its continued excellent results.<\/div><\/div>\t\t\t\t\t\t<\/div>\n\n\t\t\t\t\t\n\t\t\t\t<\/div>\n\n\t\t\t<\/div>\n\t\t<\/div>\n\t\t\t<\/li>\n\t\t\t<li class=\"timeline-inverted\"> \n\t\t\t<div class=\"tl-circ\"><\/div>\n\t\t <div class=\"timeline-panel\">\n\t\t   <div class=\"tl-heading\">\n\t\t\t <div class=\"tl-content\">\n\n\t\t\t    \n\t\t\t\t\t\t\n\t\t\t\t\t\t<div class=\"be-desc\">\n\t\t\t\t\t\t\t<h2 class=\"be-title\">2017 - 2018<\/h2>\t\t\t\t\t\t\t<div class=\"be-content\"><h3 style=\"color: #233b88\">Healthy company<\/h3><div>Based on the analysis of the results of companies by the Bisnode rating agency, we were ranked fourth in the ranking of Hospod\u00e1rske noviny for 2017 and third in 2018 in the ranking of the healthiest business companies in the Ko\u0161ice region.<\/div><\/div>\t\t\t\t\t\t<\/div>\n\n\t\t\t\t\t\n\t\t\t\t<\/div>\n\n\t\t\t<\/div>\n\t\t<\/div>\n\t\t\t<\/li>\n\t\t\t<li class=\"timeline-right\"> \n\t\t\t<div class=\"tl-circ\"><\/div>\n\t\t <div class=\"timeline-panel\">\n\t\t   <div class=\"tl-heading\">\n\t\t\t <div class=\"tl-content\">\n\n\t\t\t    \n\t\t\t\t\t\t\n\t\t\t\t\t\t<div class=\"be-desc\">\n\t\t\t\t\t\t\t<h2 class=\"be-title\">2018<\/h2>\t\t\t\t\t\t\t<div class=\"be-content\"><h3 style=\"color: #233b88\">Efficient logistic centre<\/h3><div><p>We located our central warehouse for the Czech and Slovak Republics in Bratislava, from where we were able to deliver goods within 24 hours. Since 2018, we have been delivering goods for both the Czech and Slovak markets from our modern warehouse in our logistics centre in Senec near Bratislava.<\/p><p>In 2018 we marked the 25th anniversary of the company foundation. Since the same year, we have been distributing goods, to both the Slovak and Czech Republics, from our new central warehouse in Senec.<\/p><\/div><\/div>\t\t\t\t\t\t<\/div>\n\n\t\t\t\t\t\n\t\t\t\t<\/div>\n\n\t\t\t<\/div>\n\t\t<\/div>\n\t\t\t<\/li>\n\t\t\t \n      <\/ul>\n\n\t\t\t\t\t<\/div>\n\t\t\t\t<\/div>\n\t\t\t\t\t<\/div>\n\t\t<\/div>\n\t\t\t\t\t<\/div>\n\t\t<\/section>\n\t\t\t\t<\/div>","protected":false},"excerpt":{"rendered":"<p>IN THE BEGINNING WAS THE VISION&#8230; Our company is only three months younger than the Slovak Republic. Many of us have been working in it has been founded. DSI Slovakia s.r.o. was founded in 1993 under the name Datart Slovakia s.r.o. After splitting the company into a retail and wholesale company in 2000, DSI Slovakia &hellip; <\/p>\n<p class=\"link-more\"><a href=\"https:\/\/www.dsi.cz\/en\/history\/\" class=\"more-link\">Read more<span class=\"screen-reader-text\"> &#8222;History&#8220;<\/span><\/a><\/p>","protected":false},"author":1,"featured_media":0,"parent":0,"menu_order":0,"comment_status":"closed","ping_status":"closed","template":"","meta":{"_monsterinsights_skip_tracking":false,"_monsterinsights_sitenote_active":false,"_monsterinsights_sitenote_note":"","_monsterinsights_sitenote_category":0,"footnotes":""},"class_list":["post-4603","page","type-page","status-publish","hentry"],"aioseo_notices":[],"_links":{"self":[{"href":"https:\/\/www.dsi.cz\/en\/wp-json\/wp\/v2\/pages\/4603","targetHints":{"allow":["GET"]}}],"collection":[{"href":"https:\/\/www.dsi.cz\/en\/wp-json\/wp\/v2\/pages"}],"about":[{"href":"https:\/\/www.dsi.cz\/en\/wp-json\/wp\/v2\/types\/page"}],"author":[{"embeddable":true,"href":"https:\/\/www.dsi.cz\/en\/wp-json\/wp\/v2\/users\/1"}],"replies":[{"embeddable":true,"href":"https:\/\/www.dsi.cz\/en\/wp-json\/wp\/v2\/comments?post=4603"}],"version-history":[{"count":47,"href":"https:\/\/www.dsi.cz\/en\/wp-json\/wp\/v2\/pages\/4603\/revisions"}],"predecessor-version":[{"id":5985,"href":"https:\/\/www.dsi.cz\/en\/wp-json\/wp\/v2\/pages\/4603\/revisions\/5985"}],"wp:attachment":[{"href":"https:\/\/www.dsi.cz\/en\/wp-json\/wp\/v2\/media?parent=4603"}],"curies":[{"name":"wp","href":"https:\/\/api.w.org\/{rel}","templated":true}]}}